{"id":8268,"date":"2021-11-12T11:41:28","date_gmt":"2021-11-12T08:41:28","guid":{"rendered":"https:\/\/salonika.com.tr\/header\/"},"modified":"2023-06-19T13:29:46","modified_gmt":"2023-06-19T10:29:46","slug":"header","status":"publish","type":"page","link":"https:\/\/salonika.com.tr\/en\/header\/","title":{"rendered":"Header"},"content":{"rendered":"\t\t<div data-elementor-type=\"wp-page\" data-elementor-id=\"8268\" class=\"elementor elementor-8268 elementor-46\" data-elementor-post-type=\"page\">\n\t\t\t\t\t\t<section class=\"elementor-section elementor-top-section elementor-element elementor-element-18a67637 elementor-section-full_width elementor-section-stretched elementor-section-height-default elementor-section-height-default elementor-invisible\" data-id=\"18a67637\" data-element_type=\"section\" data-settings=\"{&quot;stretch_section&quot;:&quot;section-stretched&quot;,&quot;background_background&quot;:&quot;gradient&quot;,&quot;animation&quot;:&quot;fadeInDown&quot;}\">\n\t\t\t\t\t\t<div class=\"elementor-container elementor-column-gap-no\">\n\t\t\t\t\t<div class=\"elementor-column elementor-col-100 elementor-top-column elementor-element elementor-element-719ad904\" data-id=\"719ad904\" data-element_type=\"column\">\n\t\t\t<div class=\"elementor-widget-wrap elementor-element-populated\">\n\t\t\t\t\t\t<div class=\"elementor-element elementor-element-43638b74 gradient-topheader  elementor-widget elementor-widget-spacer\" data-id=\"43638b74\" data-element_type=\"widget\" data-widget_type=\"spacer.default\">\n\t\t\t\t<div class=\"elementor-widget-container\">\n\t\t\t<style>\/*! elementor - v3.19.0 - 28-02-2024 *\/\n.elementor-column .elementor-spacer-inner{height:var(--spacer-size)}.e-con{--container-widget-width:100%}.e-con-inner>.elementor-widget-spacer,.e-con>.elementor-widget-spacer{width:var(--container-widget-width,var(--spacer-size));--align-self:var(--container-widget-align-self,initial);--flex-shrink:0}.e-con-inner>.elementor-widget-spacer>.elementor-widget-container,.e-con>.elementor-widget-spacer>.elementor-widget-container{height:100%;width:100%}.e-con-inner>.elementor-widget-spacer>.elementor-widget-container>.elementor-spacer,.e-con>.elementor-widget-spacer>.elementor-widget-container>.elementor-spacer{height:100%}.e-con-inner>.elementor-widget-spacer>.elementor-widget-container>.elementor-spacer>.elementor-spacer-inner,.e-con>.elementor-widget-spacer>.elementor-widget-container>.elementor-spacer>.elementor-spacer-inner{height:var(--container-widget-height,var(--spacer-size))}.e-con-inner>.elementor-widget-spacer.elementor-widget-empty,.e-con>.elementor-widget-spacer.elementor-widget-empty{position:relative;min-height:22px;min-width:22px}.e-con-inner>.elementor-widget-spacer.elementor-widget-empty .elementor-widget-empty-icon,.e-con>.elementor-widget-spacer.elementor-widget-empty .elementor-widget-empty-icon{position:absolute;top:0;bottom:0;left:0;right:0;margin:auto;padding:0;width:22px;height:22px}<\/style>\t\t<div class=\"elementor-spacer\">\n\t\t\t<div class=\"elementor-spacer-inner\"><\/div>\n\t\t<\/div>\n\t\t\t\t<\/div>\n\t\t\t\t<\/div>\n\t\t\t\t\t<\/div>\n\t\t<\/div>\n\t\t\t\t\t<\/div>\n\t\t<\/section>\n\t\t\t\t<section class=\"elementor-section elementor-top-section elementor-element elementor-element-214824ec elementor-section-stretched elementor-section-full_width elementor-section-content-middle elementor-section-height-default elementor-section-height-default elementor-invisible\" data-id=\"214824ec\" data-element_type=\"section\" id=\"nd_contact_navigation\" data-settings=\"{&quot;stretch_section&quot;:&quot;section-stretched&quot;,&quot;animation&quot;:&quot;fadeInDown&quot;,&quot;background_background&quot;:&quot;classic&quot;}\">\n\t\t\t\t\t\t<div class=\"elementor-container elementor-column-gap-default\">\n\t\t\t\t\t<div class=\"elementor-column elementor-col-33 elementor-top-column elementor-element elementor-element-3910c793\" data-id=\"3910c793\" data-element_type=\"column\">\n\t\t\t<div class=\"elementor-widget-wrap elementor-element-populated\">\n\t\t\t\t\t\t<div class=\"elementor-element elementor-element-723357f0 elementor-widget elementor-widget-image\" data-id=\"723357f0\" data-element_type=\"widget\" data-widget_type=\"image.default\">\n\t\t\t\t<div class=\"elementor-widget-container\">\n\t\t\t<style>\/*! elementor - v3.19.0 - 28-02-2024 *\/\n.elementor-widget-image{text-align:center}.elementor-widget-image a{display:inline-block}.elementor-widget-image a img[src$=\".svg\"]{width:48px}.elementor-widget-image img{vertical-align:middle;display:inline-block}<\/style>\t\t\t\t\t\t\t\t\t\t\t<a href=\"https:\/\/salonika.com.tr\">\n\t\t\t\t\t\t\t<img decoding=\"async\" src=\"https:\/\/salonika.com.tr\/wp-content\/uploads\/2023\/06\/salonika-logo-beyaz.svg\" class=\"attachment-full size-full wp-image-8458\" alt=\"\" \/>\t\t\t\t\t\t\t\t<\/a>\n\t\t\t\t\t\t\t\t\t\t\t\t\t<\/div>\n\t\t\t\t<\/div>\n\t\t\t\t\t<\/div>\n\t\t<\/div>\n\t\t\t\t<div class=\"elementor-column elementor-col-33 elementor-top-column elementor-element elementor-element-65ab3909\" data-id=\"65ab3909\" data-element_type=\"column\" id=\"main-menu\">\n\t\t\t<div class=\"elementor-widget-wrap elementor-element-populated\">\n\t\t\t\t\t\t<div class=\"elementor-element elementor-element-3018c240 elementor-widget elementor-widget-navigation\" data-id=\"3018c240\" data-element_type=\"widget\" data-widget_type=\"navigation.default\">\n\t\t\t\t<div class=\"elementor-widget-container\">\n\t\t\t\n\t\t<div class=\"nd_elements_section\">\n\t\t\t<div class=\"nd_elements_navigation_component\">\n\n\t\t\t\t<div class=\"menu-left-menu-container\"><ul id=\"menu-left-menu\" class=\"menu\"><li id=\"menu-item-6814\" class=\"menu-item menu-item-type-post_type menu-item-object-page menu-item-6814\"><a href=\"https:\/\/salonika.com.tr\/hakkimizda\/\">About Us<\/a><\/li>\n<li id=\"menu-item-7162\" class=\"menu-item menu-item-type-post_type menu-item-object-page menu-item-7162\"><a href=\"https:\/\/salonika.com.tr\/odalar\/\">Rooms<\/a><\/li>\n<li id=\"menu-item-7220\" class=\"menu-item menu-item-type-post_type menu-item-object-page menu-item-7220\"><a href=\"https:\/\/salonika.com.tr\/aktiviteler\/\">Activities<\/a><\/li>\n<li id=\"menu-item-7690\" class=\"menu-item menu-item-type-post_type menu-item-object-page menu-item-7690\"><a href=\"https:\/\/salonika.com.tr\/galeri\/\">Gallery<\/a><\/li>\n<li id=\"menu-item-6951\" class=\"menu-item menu-item-type-post_type menu-item-object-page menu-item-6951\"><a href=\"https:\/\/salonika.com.tr\/iletisim\/\">Contact<\/a><\/li>\n<li id=\"menu-item-wpml-ls-29-tr\" class=\"menu-item wpml-ls-slot-29 wpml-ls-item wpml-ls-item-tr wpml-ls-menu-item wpml-ls-first-item wpml-ls-last-item menu-item-type-wpml_ls_menu_item menu-item-object-wpml_ls_menu_item menu-item-wpml-ls-29-tr\"><a href=\"https:\/\/salonika.com.tr\/\"><img decoding=\"async\" class=\"wpml-ls-flag\" src=\"https:\/\/salonika.com.tr\/wp-content\/plugins\/sitepress-multilingual-cms\/res\/flags\/tr.png\" alt=\"Turkish\" \/><\/a><\/li>\n<\/ul><\/div>\n\t\t\t\t\n\t\t\t\t<img decoding=\"async\" alt=\"open-navigation\" width=\"25\" class=\"nd_elements_open_navigation_sidebar_content\" src=\"https:\/\/salonika.com.tr\/wp-content\/uploads\/2022\/06\/menu-beyaz.png\">\n\t\t\t\n\t\t\t<\/div>\n\t\t<\/div>\n\n\t\t<!--START menu responsive-->\n\t\t<div class=\"nd_elements_navigation_sidebar_content\">\n\n\t\t\t<img decoding=\"async\" alt=\"close-navigation\" width=\"25\" class=\"nd_elements_close_navigation_sidebar_content\" src=\"https:\/\/salonika.com.tr\/wp-content\/plugins\/nd-elements\/widgets\/navigation\/img\/navigation-close.svg\">\n\n\t\t    <div class=\"nd_elements_navigation_sidebar\">\n\t\t        <div class=\"menu-left-menu-container\"><ul id=\"menu-left-menu-1\" class=\"menu\"><li class=\"menu-item menu-item-type-post_type menu-item-object-page menu-item-6814\"><a href=\"https:\/\/salonika.com.tr\/hakkimizda\/\">About Us<\/a><\/li>\n<li class=\"menu-item menu-item-type-post_type menu-item-object-page menu-item-7162\"><a href=\"https:\/\/salonika.com.tr\/odalar\/\">Rooms<\/a><\/li>\n<li class=\"menu-item menu-item-type-post_type menu-item-object-page menu-item-7220\"><a href=\"https:\/\/salonika.com.tr\/aktiviteler\/\">Activities<\/a><\/li>\n<li class=\"menu-item menu-item-type-post_type menu-item-object-page menu-item-7690\"><a href=\"https:\/\/salonika.com.tr\/galeri\/\">Gallery<\/a><\/li>\n<li class=\"menu-item menu-item-type-post_type menu-item-object-page menu-item-6951\"><a href=\"https:\/\/salonika.com.tr\/iletisim\/\">Contact<\/a><\/li>\n<li class=\"menu-item wpml-ls-slot-29 wpml-ls-item wpml-ls-item-tr wpml-ls-menu-item wpml-ls-first-item wpml-ls-last-item menu-item-type-wpml_ls_menu_item menu-item-object-wpml_ls_menu_item menu-item-wpml-ls-29-tr\"><a href=\"https:\/\/salonika.com.tr\/\"><img decoding=\"async\" class=\"wpml-ls-flag\" src=\"https:\/\/salonika.com.tr\/wp-content\/plugins\/sitepress-multilingual-cms\/res\/flags\/tr.png\" alt=\"Turkish\" \/><\/a><\/li>\n<\/ul><\/div>\n\t\t    <\/div>\n\n\t\t<\/div>\n\t\t<!--END menu responsive-->\n\t\t\t\t<\/div>\n\t\t\t\t<\/div>\n\t\t\t\t\t<\/div>\n\t\t<\/div>\n\t\t\t\t<div class=\"elementor-column elementor-col-33 elementor-top-column elementor-element elementor-element-1824499f elementor-hidden-tablet elementor-hidden-phone\" data-id=\"1824499f\" data-element_type=\"column\">\n\t\t\t<div class=\"elementor-widget-wrap elementor-element-populated\">\n\t\t\t\t\t\t<div class=\"elementor-element elementor-element-5550774d elementor-align-right elementor-tablet-align-center elementor-invisible elementor-widget elementor-widget-button\" data-id=\"5550774d\" data-element_type=\"widget\" data-settings=\"{&quot;_animation&quot;:&quot;bounceIn&quot;,&quot;_animation_delay&quot;:&quot;1000&quot;}\" data-widget_type=\"button.default\">\n\t\t\t\t<div class=\"elementor-widget-container\">\n\t\t\t\t\t<div class=\"elementor-button-wrapper\">\n\t\t\t<a class=\"elementor-button elementor-button-link elementor-size-sm\" href=\"https:\/\/salonika.rezervasyonal.com\/\">\n\t\t\t\t\t\t<span class=\"elementor-button-content-wrapper\">\n\t\t\t\t\t\t<span class=\"elementor-button-text\">Reservation<\/span>\n\t\t<\/span>\n\t\t\t\t\t<\/a>\n\t\t<\/div>\n\t\t\t\t<\/div>\n\t\t\t\t<\/div>\n\t\t\t\t\t<\/div>\n\t\t<\/div>\n\t\t\t\t\t<\/div>\n\t\t<\/section>\n\t\t\t\t<section class=\"elementor-section elementor-top-section elementor-element elementor-element-2254898f elementor-section-boxed elementor-section-height-default elementor-section-height-default\" data-id=\"2254898f\" data-element_type=\"section\">\n\t\t\t\t\t\t<div class=\"elementor-container elementor-column-gap-default\">\n\t\t\t\t\t<div class=\"elementor-column elementor-col-100 elementor-top-column elementor-element elementor-element-367c3c69\" data-id=\"367c3c69\" data-element_type=\"column\">\n\t\t\t<div class=\"elementor-widget-wrap elementor-element-populated\">\n\t\t\t\t\t\t<div class=\"elementor-element elementor-element-d3c884b elementor-widget elementor-widget-customcss\" data-id=\"d3c884b\" data-element_type=\"widget\" data-widget_type=\"customcss.default\">\n\t\t\t\t<div class=\"elementor-widget-container\">\n\t\t\t<style type=\"text\/css\">\/*Single room : Header Image*\/\n#nd_booking_single_cpt_1_header_image {margin-top: -115px; }\n#nd_booking_single_cpt_1_header_image_space_top {height: 350px; }\n#nd_booking_single_cpt_1_header_image .nd_booking_bg_greydark_alpha_gradient_5 {\n\tbackground: rgb(45,45,45);\n\tbackground: linear-gradient(0deg, rgba(45,45,45,0.4458158263305322) 0%, rgba(45,45,45,0.2) 20%, rgba(45,45,45,0) 50%, rgba(45,45,45,0.2) 80%, rgba(45,45,45,0.45) 100%);}\n\/*Single branch : Header Image*\/\n#nd_booking_single_cpt_4_header_image \n{margin-top: -100px; }\n#nd_booking_single_cpt_4_header_image_space_top {height: 200px; }\n#nd_booking_single_cpt_4_header_image .nd_booking_bg_greydark_alpha_2 {background: rgb(45,45,45);\nbackground: linear-gradient(180deg, rgba(45,45,45,0.4458158263305322) 0%, rgba(45,45,45,0.2) 20%, rgba(45,45,45,0.2) 50%, rgba(45,45,45,0) 100%);}\n\/*Shop Archive*\/\n#nd_options_woocommerce_archives_header_img_layout_9{margin-top: -100px; }\n#nd_options_woo_archive_header_image_space_top{height: 220px; }\n\/*Single Product*\/\n#nd_options_woocommerce_header_img_layout_9{margin-top: -100px; }\n\/*Search*\/\n#nd_options_search_header_img_layout_9 {margin-top: -100px; }\n#nd_options_search_header_img_layout_9_space_top {height: 200px; }\n\/*Archive*\/\n#nd_options_archives_header_img_layout_9{margin-top: -100px; }\n#nd_options_archives_header_img_layout_9_space_top {height: 200px; }\n\/*404*\/\nbody.error404 #nd_contact_navigation {background-color:#373737;}\n<\/style>\t\t<\/div>\n\t\t\t\t<\/div>\n\t\t\t\t\t<\/div>\n\t\t<\/div>\n\t\t\t\t\t<\/div>\n\t\t<\/section>\n\t\t\t\t<\/div>\n\t\t","protected":false},"excerpt":{"rendered":"<p>Hakk\u0131m\u0131zda Odalar Aktiviteler Galeri \u0130leti\u015fim Hakk\u0131m\u0131zda Odalar Aktiviteler Galeri \u0130leti\u015fim Reservation<\/p>\n","protected":false},"author":1,"featured_media":0,"parent":0,"menu_order":0,"comment_status":"closed","ping_status":"closed","template":"","meta":{"footnotes":""},"class_list":["post-8268","page","type-page","status-publish","hentry"],"_links":{"self":[{"href":"https:\/\/salonika.com.tr\/en\/wp-json\/wp\/v2\/pages\/8268","targetHints":{"allow":["GET"]}}],"collection":[{"href":"https:\/\/salonika.com.tr\/en\/wp-json\/wp\/v2\/pages"}],"about":[{"href":"https:\/\/salonika.com.tr\/en\/wp-json\/wp\/v2\/types\/page"}],"author":[{"embeddable":true,"href":"https:\/\/salonika.com.tr\/en\/wp-json\/wp\/v2\/users\/1"}],"replies":[{"embeddable":true,"href":"https:\/\/salonika.com.tr\/en\/wp-json\/wp\/v2\/comments?post=8268"}],"version-history":[{"count":25,"href":"https:\/\/salonika.com.tr\/en\/wp-json\/wp\/v2\/pages\/8268\/revisions"}],"predecessor-version":[{"id":8498,"href":"https:\/\/salonika.com.tr\/en\/wp-json\/wp\/v2\/pages\/8268\/revisions\/8498"}],"wp:attachment":[{"href":"https:\/\/salonika.com.tr\/en\/wp-json\/wp\/v2\/media?parent=8268"}],"curies":[{"name":"wp","href":"https:\/\/api.w.org\/{rel}","templated":true}]}}